{"id":6083,"date":"2021-05-10T10:27:37","date_gmt":"2021-05-10T08:27:37","guid":{"rendered":"https:\/\/uno-bau.es\/impressum\/"},"modified":"2021-05-14T17:32:41","modified_gmt":"2021-05-14T15:32:41","slug":"impressum","status":"publish","type":"page","link":"https:\/\/uno-bau.com\/en\/impressum\/","title":{"rendered":"Imprint"},"content":{"rendered":"<p>[vc_row row_content_width=&#8221;grid&#8221;][vc_column][vc_column_text]<\/p>\n<h4 class=\"\"><span class=\"\">Angaben gem. \u00a7 5 TMG und \u00a7 55 Abs. 2 RStV:<\/span><\/h4>\n<p><strong>UNO BAU S.L.<\/strong><\/p>\n<p>Carrer de les Parellades 12<br \/>\n07003 Palma de Mallorca<br \/>\nMallorca, Espa\u00f1a<\/p>\n<p>Tel: +34 608 265109<\/p>\n<p><a href=\"mailto:info@uno-bau.es\">info@uno-bau.es<\/a><\/p>\n<p>&nbsp;<\/p>\n<p>Gesch\u00e4ftsf\u00fchrer:<br \/>\nDipl.-Ing. Alexander Kusnezow<\/p>\n<p>NIV Provisional: B05360144[\/vc_column_text][\/vc_column][\/vc_row][vc_row][vc_column][vc_empty_space height=&#8221;150px&#8221;][\/vc_column][\/vc_row]<\/p>\n","protected":false},"excerpt":{"rendered":"<p>[vc_row row_content_width=&#8221;grid&#8221;][vc_column][vc_column_text] Angaben gem. \u00a7 5 TMG und \u00a7 55 Abs. 2 RStV: UNO BAU S.L. Carrer de les Parellades 12 07003 Palma de Mallorca Mallorca, Espa\u00f1a Tel: +34 608 265109 info@uno-bau.es &nbsp; Gesch\u00e4ftsf\u00fchrer: Dipl.-Ing. Alexander Kusnezow NIV Provisional: B05360144[\/vc_column_text][\/vc_column][\/vc_row][vc_row][vc_column][vc_empty_space [&hellip;]<\/p>\n","protected":false},"author":1,"featured_media":0,"parent":0,"menu_order":0,"comment_status":"closed","ping_status":"closed","template":"full-width.php","meta":{"footnotes":""},"class_list":["post-6083","page","type-page","status-publish","hentry"],"yoast_head":"<!-- This site is optimized with the Yoast SEO plugin v27.4 - https:\/\/yoast.com\/product\/yoast-seo-wordpress\/ -->\n<title>Imprint - UNO BAU<\/title>\n<meta name=\"robots\" content=\"index, follow, max-snippet:-1, max-image-preview:large, max-video-preview:-1\" \/>\n<link rel=\"canonical\" href=\"https:\/\/uno-bau.com\/en\/impressum\/\" \/>\n<meta property=\"og:locale\" content=\"en_US\" \/>\n<meta property=\"og:type\" content=\"article\" \/>\n<meta property=\"og:title\" content=\"Imprint - UNO BAU\" \/>\n<meta property=\"og:description\" content=\"[vc_row row_content_width=&#8221;grid&#8221;][vc_column][vc_column_text] Angaben gem. \u00a7 5 TMG und \u00a7 55 Abs. 2 RStV: UNO BAU S.L. Carrer de les Parellades 12 07003 Palma de Mallorca Mallorca, Espa\u00f1a Tel: +34 608 265109 info@uno-bau.es &nbsp; Gesch\u00e4ftsf\u00fchrer: Dipl.-Ing. Alexander Kusnezow NIV Provisional: B05360144[\/vc_column_text][\/vc_column][\/vc_row][vc_row][vc_column][vc_empty_space [&hellip;]\" \/>\n<meta property=\"og:url\" content=\"https:\/\/uno-bau.com\/en\/impressum\/\" \/>\n<meta property=\"og:site_name\" content=\"UNO BAU\" \/>\n<meta property=\"article:modified_time\" content=\"2021-05-14T15:32:41+00:00\" \/>\n<meta property=\"og:image\" content=\"https:\/\/uno-bau.com\/wp-content\/uploads\/logo-uno-bau-abstand.png\" \/>\n\t<meta property=\"og:image:width\" content=\"900\" \/>\n\t<meta property=\"og:image:height\" content=\"900\" \/>\n\t<meta property=\"og:image:type\" content=\"image\/png\" \/>\n<meta name=\"twitter:card\" content=\"summary_large_image\" \/>\n<script type=\"application\/ld+json\" class=\"yoast-schema-graph\">{\"@context\":\"https:\\\/\\\/schema.org\",\"@graph\":[{\"@type\":\"WebPage\",\"@id\":\"https:\\\/\\\/uno-bau.com\\\/en\\\/impressum\\\/\",\"url\":\"https:\\\/\\\/uno-bau.com\\\/en\\\/impressum\\\/\",\"name\":\"Imprint - UNO BAU\",\"isPartOf\":{\"@id\":\"https:\\\/\\\/uno-bau.com\\\/#website\"},\"datePublished\":\"2021-05-10T08:27:37+00:00\",\"dateModified\":\"2021-05-14T15:32:41+00:00\",\"breadcrumb\":{\"@id\":\"https:\\\/\\\/uno-bau.com\\\/en\\\/impressum\\\/#breadcrumb\"},\"inLanguage\":\"en-US\",\"potentialAction\":[{\"@type\":\"ReadAction\",\"target\":[\"https:\\\/\\\/uno-bau.com\\\/en\\\/impressum\\\/\"]}]},{\"@type\":\"BreadcrumbList\",\"@id\":\"https:\\\/\\\/uno-bau.com\\\/en\\\/impressum\\\/#breadcrumb\",\"itemListElement\":[{\"@type\":\"ListItem\",\"position\":1,\"name\":\"Startseite\",\"item\":\"https:\\\/\\\/uno-bau.com\\\/en\\\/\"},{\"@type\":\"ListItem\",\"position\":2,\"name\":\"Imprint\"}]},{\"@type\":\"WebSite\",\"@id\":\"https:\\\/\\\/uno-bau.com\\\/#website\",\"url\":\"https:\\\/\\\/uno-bau.com\\\/\",\"name\":\"UNO BAU\",\"description\":\"BERATEN PLANEN BAUEN\",\"publisher\":{\"@id\":\"https:\\\/\\\/uno-bau.com\\\/#organization\"},\"potentialAction\":[{\"@type\":\"SearchAction\",\"target\":{\"@type\":\"EntryPoint\",\"urlTemplate\":\"https:\\\/\\\/uno-bau.com\\\/?s={search_term_string}\"},\"query-input\":{\"@type\":\"PropertyValueSpecification\",\"valueRequired\":true,\"valueName\":\"search_term_string\"}}],\"inLanguage\":\"en-US\"},{\"@type\":\"Organization\",\"@id\":\"https:\\\/\\\/uno-bau.com\\\/#organization\",\"name\":\"UNO BAU\",\"url\":\"https:\\\/\\\/uno-bau.com\\\/\",\"logo\":{\"@type\":\"ImageObject\",\"inLanguage\":\"en-US\",\"@id\":\"https:\\\/\\\/uno-bau.com\\\/#\\\/schema\\\/logo\\\/image\\\/\",\"url\":\"https:\\\/\\\/uno-bau.com\\\/wp-content\\\/uploads\\\/cropped-favicon-bg-white.png\",\"contentUrl\":\"https:\\\/\\\/uno-bau.com\\\/wp-content\\\/uploads\\\/cropped-favicon-bg-white.png\",\"width\":512,\"height\":512,\"caption\":\"UNO BAU\"},\"image\":{\"@id\":\"https:\\\/\\\/uno-bau.com\\\/#\\\/schema\\\/logo\\\/image\\\/\"}}]}<\/script>\n<!-- \/ Yoast SEO plugin. -->","yoast_head_json":{"title":"Imprint - UNO BAU","robots":{"index":"index","follow":"follow","max-snippet":"max-snippet:-1","max-image-preview":"max-image-preview:large","max-video-preview":"max-video-preview:-1"},"canonical":"https:\/\/uno-bau.com\/en\/impressum\/","og_locale":"en_US","og_type":"article","og_title":"Imprint - UNO BAU","og_description":"[vc_row row_content_width=&#8221;grid&#8221;][vc_column][vc_column_text] Angaben gem. \u00a7 5 TMG und \u00a7 55 Abs. 2 RStV: UNO BAU S.L. Carrer de les Parellades 12 07003 Palma de Mallorca Mallorca, Espa\u00f1a Tel: +34 608 265109 info@uno-bau.es &nbsp; Gesch\u00e4ftsf\u00fchrer: Dipl.-Ing. Alexander Kusnezow NIV Provisional: B05360144[\/vc_column_text][\/vc_column][\/vc_row][vc_row][vc_column][vc_empty_space [&hellip;]","og_url":"https:\/\/uno-bau.com\/en\/impressum\/","og_site_name":"UNO BAU","article_modified_time":"2021-05-14T15:32:41+00:00","og_image":[{"width":900,"height":900,"url":"https:\/\/uno-bau.com\/wp-content\/uploads\/logo-uno-bau-abstand.png","type":"image\/png"}],"twitter_card":"summary_large_image","schema":{"@context":"https:\/\/schema.org","@graph":[{"@type":"WebPage","@id":"https:\/\/uno-bau.com\/en\/impressum\/","url":"https:\/\/uno-bau.com\/en\/impressum\/","name":"Imprint - UNO BAU","isPartOf":{"@id":"https:\/\/uno-bau.com\/#website"},"datePublished":"2021-05-10T08:27:37+00:00","dateModified":"2021-05-14T15:32:41+00:00","breadcrumb":{"@id":"https:\/\/uno-bau.com\/en\/impressum\/#breadcrumb"},"inLanguage":"en-US","potentialAction":[{"@type":"ReadAction","target":["https:\/\/uno-bau.com\/en\/impressum\/"]}]},{"@type":"BreadcrumbList","@id":"https:\/\/uno-bau.com\/en\/impressum\/#breadcrumb","itemListElement":[{"@type":"ListItem","position":1,"name":"Startseite","item":"https:\/\/uno-bau.com\/en\/"},{"@type":"ListItem","position":2,"name":"Imprint"}]},{"@type":"WebSite","@id":"https:\/\/uno-bau.com\/#website","url":"https:\/\/uno-bau.com\/","name":"UNO BAU","description":"BERATEN PLANEN BAUEN","publisher":{"@id":"https:\/\/uno-bau.com\/#organization"},"potentialAction":[{"@type":"SearchAction","target":{"@type":"EntryPoint","urlTemplate":"https:\/\/uno-bau.com\/?s={search_term_string}"},"query-input":{"@type":"PropertyValueSpecification","valueRequired":true,"valueName":"search_term_string"}}],"inLanguage":"en-US"},{"@type":"Organization","@id":"https:\/\/uno-bau.com\/#organization","name":"UNO BAU","url":"https:\/\/uno-bau.com\/","logo":{"@type":"ImageObject","inLanguage":"en-US","@id":"https:\/\/uno-bau.com\/#\/schema\/logo\/image\/","url":"https:\/\/uno-bau.com\/wp-content\/uploads\/cropped-favicon-bg-white.png","contentUrl":"https:\/\/uno-bau.com\/wp-content\/uploads\/cropped-favicon-bg-white.png","width":512,"height":512,"caption":"UNO BAU"},"image":{"@id":"https:\/\/uno-bau.com\/#\/schema\/logo\/image\/"}}]}},"_links":{"self":[{"href":"https:\/\/uno-bau.com\/en\/wp-json\/wp\/v2\/pages\/6083","targetHints":{"allow":["GET"]}}],"collection":[{"href":"https:\/\/uno-bau.com\/en\/wp-json\/wp\/v2\/pages"}],"about":[{"href":"https:\/\/uno-bau.com\/en\/wp-json\/wp\/v2\/types\/page"}],"author":[{"embeddable":true,"href":"https:\/\/uno-bau.com\/en\/wp-json\/wp\/v2\/users\/1"}],"replies":[{"embeddable":true,"href":"https:\/\/uno-bau.com\/en\/wp-json\/wp\/v2\/comments?post=6083"}],"version-history":[{"count":2,"href":"https:\/\/uno-bau.com\/en\/wp-json\/wp\/v2\/pages\/6083\/revisions"}],"predecessor-version":[{"id":6353,"href":"https:\/\/uno-bau.com\/en\/wp-json\/wp\/v2\/pages\/6083\/revisions\/6353"}],"wp:attachment":[{"href":"https:\/\/uno-bau.com\/en\/wp-json\/wp\/v2\/media?parent=6083"}],"curies":[{"name":"wp","href":"https:\/\/api.w.org\/{rel}","templated":true}]}}