{"id":6864,"date":"2022-01-21T13:40:05","date_gmt":"2022-01-21T12:40:05","guid":{"rendered":"https:\/\/uno-bau.com\/?page_id=6864"},"modified":"2022-01-21T13:40:05","modified_gmt":"2022-01-21T12:40:05","slug":"servicios","status":"publish","type":"page","link":"https:\/\/uno-bau.com\/es\/servicios\/","title":{"rendered":"Servicios"},"content":{"rendered":"<p>[vc_row content_text_aligment=\u00bbleft\u00bb css=\u00bb.vc_custom_1602768214640{background-position: center !important;background-repeat: no-repeat !important;background-size: cover !important;}\u00bb][vc_column][vc_empty_space height=\u00bb50px\u00bb][\/vc_column][\/vc_row][vc_row row_content_width=\u00bbgrid\u00bb css=\u00bb.vc_custom_1602493897482{background-position: center !important;background-repeat: no-repeat !important;background-size: cover !important;}\u00bb][vc_column][vc_column_text]<\/p>\n<h2 class=\"p1\">OBRA NUEVA.<br \/>\nRENOVACI\u00d3N Y RESTAURACI\u00d3N.<br \/>\nREFORMAS Y MEJORA DE EDIFICIOS.<\/h2>\n<p>[\/vc_column_text][vc_empty_space height=\u00bb50px\u00bb][\/vc_column][\/vc_row][vc_row row_content_width=\u00bbgrid\u00bb][vc_column width=\u00bb2\/3&#8243;]<div class=\"edgtf-elements-holder   edgtf-two-columns  edgtf-responsive-mode-never \" ><div class=\"edgtf-eh-item    \"  data-item-class=\"edgtf-eh-custom-1674\">\n\t<div class=\"edgtf-eh-item-inner\">\n\t\t<div class=\"edgtf-eh-item-content edgtf-eh-custom-1674\" >\n\t\t\t[vc_column_text]<\/p>\n<p class=\"p1\">UNO BAU es una empresa de construcci\u00f3n con una amplia cartera de servicios y profundos conocimientos en cada \u00e1mbito.<\/p>\n<p class=\"p1\">Estamos especializados en obras nuevas, renovaciones y obras de restauraci\u00f3n, as\u00ed como en una gran diversidad de reformas y mejoras de edificios.<\/p>\n<p class=\"p2\">Para nosotros es muy importante la comunicaci\u00f3n durante el proyecto. Agilizamos los canales de comunicaci\u00f3n al designar a una sola persona de contacto para todo el proyecto, lo que garantiza una colaboraci\u00f3n eficiente y fruct\u00edfera.<\/p>\n<p>[\/vc_column_text]\t\t<\/div>\n\t<\/div>\n<\/div><\/div>[\/vc_column][vc_column width=\u00bb1\/3&#8243;][\/vc_column][\/vc_row][vc_row row_content_width=\u00bbgrid\u00bb][vc_column][vc_empty_space height=\u00bb100px\u00bb][\/vc_column][\/vc_row][vc_row row_content_width=\u00bbgrid\u00bb css=\u00bb.vc_custom_1608125837020{padding-bottom: 50px !important;}\u00bb][vc_column width=\u00bb1\/2&#8243;]<div class=\"edgtf-single-image-holder   \">\n    <div class=\"edgtf-si-inner\" >\n                                    <img loading=\"lazy\" decoding=\"async\" src=\"https:\/\/uno-bau.com\/wp-content\/uploads\/michendorf-1200x900-2-1-550x550-1-533x533.jpg\" alt=\"\" width=\"533\" height=\"533\" \/>                        <\/div>\n<\/div>[\/vc_column][vc_column width=\u00bb1\/2&#8243;][vc_column_text]<\/p>\n<h4 class=\"p1\">OBRA NUEVA.<\/h4>\n<p>[\/vc_column_text][vc_column_text]<\/p>\n<p class=\"p1\">Desde la excavaci\u00f3n y el inicio de las obras hasta la entrega final.<\/p>\n<p class=\"p2\"><span class=\"s1\">La construcci\u00f3n llave en mano en Mallorca<\/span>\u00a0es nuestra especialidad: al contar con nuestro propio departamento de planificaci\u00f3n, podemos encargarnos de su obra nueva desde la idea inicial aproximada y la concepci\u00f3n y planificaci\u00f3n concretas, hasta la ejecuci\u00f3n y finalizaci\u00f3n de las obras en el lugar.<\/p>\n<p>[\/vc_column_text][\/vc_column][\/vc_row][vc_row row_content_width=\u00bbgrid\u00bb css=\u00bb.vc_custom_1608125845456{padding-bottom: 50px !important;}\u00bb][vc_column width=\u00bb1\/2&#8243;]<div class=\"edgtf-single-image-holder   \">\n    <div class=\"edgtf-si-inner\" >\n                                    <img loading=\"lazy\" decoding=\"async\" src=\"https:\/\/uno-bau.com\/wp-content\/uploads\/foto-renovierung-2-533x533.jpg\" alt=\"\" width=\"533\" height=\"533\" \/>                        <\/div>\n<\/div>[\/vc_column][vc_column width=\u00bb1\/2&#8243;][vc_column_text]<\/p>\n<h4 class=\"p1\">RENOVACI\u00d3N Y RESTAURACI\u00d3N.<\/h4>\n<p>[\/vc_column_text][vc_column_text]<\/p>\n<p class=\"p1\">Desde la evaluaci\u00f3n inicial, pasando por el proyecto preliminar hasta la planificaci\u00f3n de la ejecuci\u00f3n. Ya sean peque\u00f1as propiedades o grandes complejos como hoteles: a nuestro equipo de expertos de UNO BAU no se le resiste ning\u00fan proyecto. Como empresa constructora en Mallorca, renovamos y restauramos propiedades tanto parcial como \u00edntegramente seg\u00fan sus ideas y nos encargamos por usted de la coordinaci\u00f3n completa del proyecto.<\/p>\n<p>[\/vc_column_text][\/vc_column][\/vc_row][vc_row row_content_width=\u00bbgrid\u00bb css=\u00bb.vc_custom_1608125851898{padding-bottom: 50px !important;}\u00bb][vc_column width=\u00bb1\/2&#8243;]<div class=\"edgtf-single-image-holder   \">\n    <div class=\"edgtf-si-inner\" >\n                                    <img loading=\"lazy\" decoding=\"async\" src=\"https:\/\/uno-bau.com\/wp-content\/uploads\/foto-umbau-533x533.jpg\" alt=\"\" width=\"533\" height=\"533\" \/>                        <\/div>\n<\/div>[\/vc_column][vc_column width=\u00bb1\/2&#8243;][vc_column_text]<\/p>\n<h4 class=\"p1\">REFORMA Y MEJORA DE EDIFICIOS.<\/h4>\n<p>[\/vc_column_text][vc_column_text]<\/p>\n<p class=\"p1\">Desde la planificaci\u00f3n y los c\u00e1lculos estructurales hasta la entrega. Como empresa constructora experimentada de Mallorca, reformamos su finca o nos encargamos de transformar los apartamentos de alquiler en viviendas de propiedad. Con UNO BAU dispondr\u00e1 de un socio consolidado en el que siempre podr\u00e1 confiar.<\/p>\n<p>[\/vc_column_text][\/vc_column][\/vc_row][vc_row][vc_column][vc_empty_space height=\u00bb100px\u00bb][\/vc_column][\/vc_row][vc_row][vc_column][vc_column_text][\/vc_column_text][\/vc_column][\/vc_row]<\/p>\n","protected":false},"excerpt":{"rendered":"<p>[vc_row content_text_aligment=\u00bbleft\u00bb css=\u00bb.vc_custom_1602768214640{background-position: center !important;background-repeat: no-repeat !important;background-size: cover !important;}\u00bb][vc_column][vc_empty_space height=\u00bb50px\u00bb][\/vc_column][\/vc_row][vc_row row_content_width=\u00bbgrid\u00bb css=\u00bb.vc_custom_1602493897482{background-position: center !important;background-repeat: no-repeat !important;background-size: cover !important;}\u00bb][vc_column][vc_column_text] OBRA NUEVA. RENOVACI\u00d3N Y RESTAURACI\u00d3N. REFORMAS Y MEJORA DE EDIFICIOS. [\/vc_column_text][vc_empty_space height=\u00bb50px\u00bb][\/vc_column][\/vc_row][vc_row row_content_width=\u00bbgrid\u00bb][vc_column width=\u00bb2\/3&#8243;][\/vc_column][vc_column width=\u00bb1\/3&#8243;][\/vc_column][\/vc_row][vc_row row_content_width=\u00bbgrid\u00bb][vc_column][vc_empty_space height=\u00bb100px\u00bb][\/vc_column][\/vc_row][vc_row row_content_width=\u00bbgrid\u00bb css=\u00bb.vc_custom_1608125837020{padding-bottom: 50px !important;}\u00bb][vc_column width=\u00bb1\/2&#8243;][\/vc_column][vc_column [&hellip;]<\/p>\n","protected":false},"author":1,"featured_media":0,"parent":0,"menu_order":0,"comment_status":"closed","ping_status":"closed","template":"full-width.php","meta":{"footnotes":""},"class_list":["post-6864","page","type-page","status-publish","hentry"],"yoast_head":"<!-- This site is optimized with the Yoast SEO plugin v27.4 - https:\/\/yoast.com\/product\/yoast-seo-wordpress\/ -->\n<title>Servicios - UNO BAU<\/title>\n<meta name=\"robots\" content=\"index, follow, max-snippet:-1, max-image-preview:large, max-video-preview:-1\" \/>\n<link rel=\"canonical\" href=\"https:\/\/uno-bau.com\/es\/servicios\/\" \/>\n<meta property=\"og:locale\" content=\"es_ES\" \/>\n<meta property=\"og:type\" content=\"article\" \/>\n<meta property=\"og:title\" content=\"Servicios - UNO BAU\" \/>\n<meta property=\"og:description\" content=\"[vc_row content_text_aligment=\u00bbleft\u00bb css=\u00bb.vc_custom_1602768214640{background-position: center !important;background-repeat: no-repeat !important;background-size: cover !important;}\u00bb][vc_column][vc_empty_space height=\u00bb50px\u00bb][\/vc_column][\/vc_row][vc_row row_content_width=\u00bbgrid\u00bb css=\u00bb.vc_custom_1602493897482{background-position: center !important;background-repeat: no-repeat !important;background-size: cover !important;}\u00bb][vc_column][vc_column_text] OBRA NUEVA. RENOVACI\u00d3N Y RESTAURACI\u00d3N. REFORMAS Y MEJORA DE EDIFICIOS. [\/vc_column_text][vc_empty_space height=\u00bb50px\u00bb][\/vc_column][\/vc_row][vc_row row_content_width=\u00bbgrid\u00bb][vc_column width=\u00bb2\/3&#8243;][\/vc_column][vc_column width=\u00bb1\/3&#8243;][\/vc_column][\/vc_row][vc_row row_content_width=\u00bbgrid\u00bb][vc_column][vc_empty_space height=\u00bb100px\u00bb][\/vc_column][\/vc_row][vc_row row_content_width=\u00bbgrid\u00bb css=\u00bb.vc_custom_1608125837020{padding-bottom: 50px !important;}\u00bb][vc_column width=\u00bb1\/2&#8243;][\/vc_column][vc_column [&hellip;]\" \/>\n<meta property=\"og:url\" content=\"https:\/\/uno-bau.com\/es\/servicios\/\" \/>\n<meta property=\"og:site_name\" content=\"UNO BAU\" \/>\n<meta property=\"og:image\" content=\"https:\/\/uno-bau.com\/wp-content\/uploads\/logo-uno-bau-abstand.png\" \/>\n\t<meta property=\"og:image:width\" content=\"900\" \/>\n\t<meta property=\"og:image:height\" content=\"900\" \/>\n\t<meta property=\"og:image:type\" content=\"image\/png\" \/>\n<meta name=\"twitter:card\" content=\"summary_large_image\" \/>\n<meta name=\"twitter:label1\" content=\"Tiempo de lectura\" \/>\n\t<meta name=\"twitter:data1\" content=\"2 minutos\" \/>\n<script type=\"application\/ld+json\" class=\"yoast-schema-graph\">{\"@context\":\"https:\\\/\\\/schema.org\",\"@graph\":[{\"@type\":\"WebPage\",\"@id\":\"https:\\\/\\\/uno-bau.com\\\/es\\\/servicios\\\/\",\"url\":\"https:\\\/\\\/uno-bau.com\\\/es\\\/servicios\\\/\",\"name\":\"Servicios - UNO BAU\",\"isPartOf\":{\"@id\":\"https:\\\/\\\/uno-bau.com\\\/#website\"},\"datePublished\":\"2022-01-21T12:40:05+00:00\",\"breadcrumb\":{\"@id\":\"https:\\\/\\\/uno-bau.com\\\/es\\\/servicios\\\/#breadcrumb\"},\"inLanguage\":\"es\",\"potentialAction\":[{\"@type\":\"ReadAction\",\"target\":[\"https:\\\/\\\/uno-bau.com\\\/es\\\/servicios\\\/\"]}]},{\"@type\":\"BreadcrumbList\",\"@id\":\"https:\\\/\\\/uno-bau.com\\\/es\\\/servicios\\\/#breadcrumb\",\"itemListElement\":[{\"@type\":\"ListItem\",\"position\":1,\"name\":\"Startseite\",\"item\":\"https:\\\/\\\/uno-bau.com\\\/es\\\/\"},{\"@type\":\"ListItem\",\"position\":2,\"name\":\"Servicios\"}]},{\"@type\":\"WebSite\",\"@id\":\"https:\\\/\\\/uno-bau.com\\\/#website\",\"url\":\"https:\\\/\\\/uno-bau.com\\\/\",\"name\":\"UNO BAU\",\"description\":\"BERATEN PLANEN BAUEN\",\"publisher\":{\"@id\":\"https:\\\/\\\/uno-bau.com\\\/#organization\"},\"potentialAction\":[{\"@type\":\"SearchAction\",\"target\":{\"@type\":\"EntryPoint\",\"urlTemplate\":\"https:\\\/\\\/uno-bau.com\\\/?s={search_term_string}\"},\"query-input\":{\"@type\":\"PropertyValueSpecification\",\"valueRequired\":true,\"valueName\":\"search_term_string\"}}],\"inLanguage\":\"es\"},{\"@type\":\"Organization\",\"@id\":\"https:\\\/\\\/uno-bau.com\\\/#organization\",\"name\":\"UNO BAU\",\"url\":\"https:\\\/\\\/uno-bau.com\\\/\",\"logo\":{\"@type\":\"ImageObject\",\"inLanguage\":\"es\",\"@id\":\"https:\\\/\\\/uno-bau.com\\\/#\\\/schema\\\/logo\\\/image\\\/\",\"url\":\"https:\\\/\\\/uno-bau.com\\\/wp-content\\\/uploads\\\/cropped-favicon-bg-white.png\",\"contentUrl\":\"https:\\\/\\\/uno-bau.com\\\/wp-content\\\/uploads\\\/cropped-favicon-bg-white.png\",\"width\":512,\"height\":512,\"caption\":\"UNO BAU\"},\"image\":{\"@id\":\"https:\\\/\\\/uno-bau.com\\\/#\\\/schema\\\/logo\\\/image\\\/\"}}]}<\/script>\n<!-- \/ Yoast SEO plugin. -->","yoast_head_json":{"title":"Servicios - UNO BAU","robots":{"index":"index","follow":"follow","max-snippet":"max-snippet:-1","max-image-preview":"max-image-preview:large","max-video-preview":"max-video-preview:-1"},"canonical":"https:\/\/uno-bau.com\/es\/servicios\/","og_locale":"es_ES","og_type":"article","og_title":"Servicios - UNO BAU","og_description":"[vc_row content_text_aligment=\u00bbleft\u00bb css=\u00bb.vc_custom_1602768214640{background-position: center !important;background-repeat: no-repeat !important;background-size: cover !important;}\u00bb][vc_column][vc_empty_space height=\u00bb50px\u00bb][\/vc_column][\/vc_row][vc_row row_content_width=\u00bbgrid\u00bb css=\u00bb.vc_custom_1602493897482{background-position: center !important;background-repeat: no-repeat !important;background-size: cover !important;}\u00bb][vc_column][vc_column_text] OBRA NUEVA. RENOVACI\u00d3N Y RESTAURACI\u00d3N. REFORMAS Y MEJORA DE EDIFICIOS. [\/vc_column_text][vc_empty_space height=\u00bb50px\u00bb][\/vc_column][\/vc_row][vc_row row_content_width=\u00bbgrid\u00bb][vc_column width=\u00bb2\/3&#8243;][\/vc_column][vc_column width=\u00bb1\/3&#8243;][\/vc_column][\/vc_row][vc_row row_content_width=\u00bbgrid\u00bb][vc_column][vc_empty_space height=\u00bb100px\u00bb][\/vc_column][\/vc_row][vc_row row_content_width=\u00bbgrid\u00bb css=\u00bb.vc_custom_1608125837020{padding-bottom: 50px !important;}\u00bb][vc_column width=\u00bb1\/2&#8243;][\/vc_column][vc_column [&hellip;]","og_url":"https:\/\/uno-bau.com\/es\/servicios\/","og_site_name":"UNO BAU","og_image":[{"width":900,"height":900,"url":"https:\/\/uno-bau.com\/wp-content\/uploads\/logo-uno-bau-abstand.png","type":"image\/png"}],"twitter_card":"summary_large_image","twitter_misc":{"Tiempo de lectura":"2 minutos"},"schema":{"@context":"https:\/\/schema.org","@graph":[{"@type":"WebPage","@id":"https:\/\/uno-bau.com\/es\/servicios\/","url":"https:\/\/uno-bau.com\/es\/servicios\/","name":"Servicios - UNO BAU","isPartOf":{"@id":"https:\/\/uno-bau.com\/#website"},"datePublished":"2022-01-21T12:40:05+00:00","breadcrumb":{"@id":"https:\/\/uno-bau.com\/es\/servicios\/#breadcrumb"},"inLanguage":"es","potentialAction":[{"@type":"ReadAction","target":["https:\/\/uno-bau.com\/es\/servicios\/"]}]},{"@type":"BreadcrumbList","@id":"https:\/\/uno-bau.com\/es\/servicios\/#breadcrumb","itemListElement":[{"@type":"ListItem","position":1,"name":"Startseite","item":"https:\/\/uno-bau.com\/es\/"},{"@type":"ListItem","position":2,"name":"Servicios"}]},{"@type":"WebSite","@id":"https:\/\/uno-bau.com\/#website","url":"https:\/\/uno-bau.com\/","name":"UNO BAU","description":"BERATEN PLANEN BAUEN","publisher":{"@id":"https:\/\/uno-bau.com\/#organization"},"potentialAction":[{"@type":"SearchAction","target":{"@type":"EntryPoint","urlTemplate":"https:\/\/uno-bau.com\/?s={search_term_string}"},"query-input":{"@type":"PropertyValueSpecification","valueRequired":true,"valueName":"search_term_string"}}],"inLanguage":"es"},{"@type":"Organization","@id":"https:\/\/uno-bau.com\/#organization","name":"UNO BAU","url":"https:\/\/uno-bau.com\/","logo":{"@type":"ImageObject","inLanguage":"es","@id":"https:\/\/uno-bau.com\/#\/schema\/logo\/image\/","url":"https:\/\/uno-bau.com\/wp-content\/uploads\/cropped-favicon-bg-white.png","contentUrl":"https:\/\/uno-bau.com\/wp-content\/uploads\/cropped-favicon-bg-white.png","width":512,"height":512,"caption":"UNO BAU"},"image":{"@id":"https:\/\/uno-bau.com\/#\/schema\/logo\/image\/"}}]}},"_links":{"self":[{"href":"https:\/\/uno-bau.com\/es\/wp-json\/wp\/v2\/pages\/6864","targetHints":{"allow":["GET"]}}],"collection":[{"href":"https:\/\/uno-bau.com\/es\/wp-json\/wp\/v2\/pages"}],"about":[{"href":"https:\/\/uno-bau.com\/es\/wp-json\/wp\/v2\/types\/page"}],"author":[{"embeddable":true,"href":"https:\/\/uno-bau.com\/es\/wp-json\/wp\/v2\/users\/1"}],"replies":[{"embeddable":true,"href":"https:\/\/uno-bau.com\/es\/wp-json\/wp\/v2\/comments?post=6864"}],"version-history":[{"count":2,"href":"https:\/\/uno-bau.com\/es\/wp-json\/wp\/v2\/pages\/6864\/revisions"}],"predecessor-version":[{"id":6881,"href":"https:\/\/uno-bau.com\/es\/wp-json\/wp\/v2\/pages\/6864\/revisions\/6881"}],"wp:attachment":[{"href":"https:\/\/uno-bau.com\/es\/wp-json\/wp\/v2\/media?parent=6864"}],"curies":[{"name":"wp","href":"https:\/\/api.w.org\/{rel}","templated":true}]}}